{"id":988949,"date":"2026-05-05T14:34:28","date_gmt":"2026-05-05T14:34:28","guid":{"rendered":"https:\/\/anticheinsegne.it\/register\/"},"modified":"2026-05-05T15:32:26","modified_gmt":"2026-05-05T15:32:26","slug":"enregistrement-des-utilisateurs","status":"publish","type":"page","link":"https:\/\/anticheinsegne.it\/fr\/registrazione-utente\/","title":{"rendered":"Enregistrement des revendeurs"},"content":{"rendered":"<div class=\"vgblk-rw-wrapper limit-wrapper\">\t\t<div data-elementor-type=\"page\" data-elementor-id=\"988969\" class=\"elementor elementor-988969\" data-elementor-post-type=\"elementor_library\">\n\t\t\t\t<div class=\"elementor-element elementor-element-68ce23f e-flex e-con-boxed e-con e-parent\" data-id=\"68ce23f\" data-element_type=\"container\" data-e-type=\"container\" data-settings=\"{&quot;background_background&quot;:&quot;classic&quot;}\">\n\t\t\t\t\t<div class=\"e-con-inner\">\n\t\t\t\t<div class=\"elementor-element elementor-element-de13bec elementor-widget elementor-widget-heading\" data-id=\"de13bec\" data-element_type=\"widget\" data-e-type=\"widget\" data-widget_type=\"heading.default\">\n\t\t\t\t<div class=\"elementor-widget-container\">\n\t\t\t\t\t<h1 class=\"elementor-heading-title elementor-size-default\">Enregistrement des revendeurs<\/h1>\t\t\t\t<\/div>\n\t\t\t\t<\/div>\n\t\t\t\t<div class=\"elementor-element elementor-element-0737000 elementor-widget elementor-widget-text-editor\" data-id=\"0737000\" data-element_type=\"widget\" data-e-type=\"widget\" data-widget_type=\"text-editor.default\">\n\t\t\t\t<div class=\"elementor-widget-container\">\n\t\t\t\t\t\t\t\t\t<p>Antiche Insegne s'adresse \u00e9galement\u00a0<strong>aux professionnels<\/strong>: les enseignistes, les d\u00e9corateurs d'int\u00e9rieur, les architectes, les studios graphiques qui souhaitent offrir \u00e0 leurs clients la qualit\u00e9 et le style d'Antiche Insegne.<\/p><p>Notre entreprise \u00e0 votre service !<\/p>\t\t\t\t\t\t\t\t<\/div>\n\t\t\t\t<\/div>\n\t\t\t\t<div class=\"elementor-element elementor-element-0a87e23 elementor-widget elementor-widget-heading\" data-id=\"0a87e23\" data-element_type=\"widget\" data-e-type=\"widget\" data-widget_type=\"heading.default\">\n\t\t\t\t<div class=\"elementor-widget-container\">\n\t\t\t\t\t<h3 class=\"elementor-heading-title elementor-size-default\">Vous souhaitez devenir un revendeur agr\u00e9\u00e9 Antiche Insegne ?<\/h3>\t\t\t\t<\/div>\n\t\t\t\t<\/div>\n\t\t\t\t<div class=\"elementor-element elementor-element-7a6fcc4 elementor-widget elementor-widget-text-editor\" data-id=\"7a6fcc4\" data-element_type=\"widget\" data-e-type=\"widget\" data-widget_type=\"text-editor.default\">\n\t\t\t\t<div class=\"elementor-widget-container\">\n\t\t\t\t\t\t\t\t\t<p>Remplissez le formulaire pour recevoir la liste des prix r\u00e9serv\u00e9s et acc\u00e9der \u00e0 l'espace d\u00e9di\u00e9 !<\/p>\t\t\t\t\t\t\t\t<\/div>\n\t\t\t\t<\/div>\n\t\t\t\t<div class=\"elementor-element elementor-element-f322630 elementor-widget elementor-widget-shortcode\" data-id=\"f322630\" data-element_type=\"widget\" data-e-type=\"widget\" data-widget_type=\"shortcode.default\">\n\t\t\t\t<div class=\"elementor-widget-container\">\n\t\t\t\t\t\t\t<div class=\"elementor-shortcode\"><div class=\"iump-register-form ihc-register-7\"><form name=\"createuser\" id=\"createuser\" class=\"ihc-form-create-edit\" enctype=\"multipart\/form-data\" method=\"post\" action=\"\" data-trp-original-action=\"\">\n\n        \n        <!-- loop throught fields -->\n                    <div class=\"iump-form-line-register iump-form-text iump-form-user_login\" id=\"ihc_reg_user_login_2923\" >\n                                    <label class=\"iump-labels-register\">\n                                                    <span class=\"ihc-required-sign\">*<\/span>\n                                                Username                    <\/label>\n                                <input type=\"text\" name=\"user_login\"  class=\"\" value=\"\" placeholder=\"\"   \/>\n                <!-- print the errors if its case -->\n                \n            <\/div>\n                    <div class=\"iump-form-line-register iump-form-text iump-form-user_email\" id=\"ihc_reg_user_email_856\" >\n                                    <label class=\"iump-labels-register\">\n                                                    <span class=\"ihc-required-sign\">*<\/span>\n                                                Email                    <\/label>\n                                <input type=\"text\" name=\"user_email\"  class=\"\" value=\"\" placeholder=\"\"   \/>\n                <!-- print the errors if its case -->\n                \n            <\/div>\n                    <div class=\"iump-form-line-register iump-form-text iump-form-first_name\" id=\"ihc_reg_first_name_2557\" >\n                                    <label class=\"iump-labels-register\">\n                                                    <span class=\"ihc-required-sign\">*<\/span>\n                                                First Name                    <\/label>\n                                <input type=\"text\" name=\"first_name\"  class=\"\" value=\"\" placeholder=\"\"   \/>\n                <!-- print the errors if its case -->\n                \n            <\/div>\n                    <div class=\"iump-form-line-register iump-form-text iump-form-last_name\" id=\"ihc_reg_last_name_9092\" >\n                                    <label class=\"iump-labels-register\">\n                                                    <span class=\"ihc-required-sign\">*<\/span>\n                                                Last Name                    <\/label>\n                                <input type=\"text\" name=\"last_name\"  class=\"\" value=\"\" placeholder=\"\"   \/>\n                <!-- print the errors if its case -->\n                \n            <\/div>\n                    <div class=\"iump-form-line-register iump-form-password iump-form-pass1\" id=\"ihc_reg_pass1_7274\" >\n                                    <label class=\"iump-labels-register\">\n                                                    <span class=\"ihc-required-sign\">*<\/span>\n                                                Password                    <\/label>\n                                <input type=\"password\" name=\"pass1\"  class=\"\" value=\"\" placeholder=\"\"  data-rules=\"6,1\"\/><span class=\"ihc-hide-pw hide-if-no-js\" data-toggle=\"0\" aria-label=\"Afficher le mot de passe\">\n            <span class=\"dashicons dashicons-visibility\" aria-hidden=\"true\"><\/span>\n          <\/span><div class=\"ihc-strength-wrapper\"><ul class=\"ihc-strength\"><li class=\"point\"><\/li><li class=\"point\"><\/li><li class=\"point\"><\/li><li class=\"point\"><\/li><li class=\"point\"><\/li><\/ul><div class=\"ihc-strength-label\"><\/div><\/div>\n                <!-- print the errors if its case -->\n                \n            <\/div>\n                    <div class=\"iump-form-line-register iump-form-password iump-form-pass2\" id=\"ihc_reg_pass2_7489\" >\n                                    <label class=\"iump-labels-register\">\n                                                    <span class=\"ihc-required-sign\">*<\/span>\n                                                Confirm Password                    <\/label>\n                                <input type=\"password\" name=\"pass2\"  class=\"\" value=\"\" placeholder=\"\"  data-rules=\"6,1\"\/><span class=\"ihc-hide-pw hide-if-no-js\" data-toggle=\"0\" aria-label=\"Afficher le mot de passe\">\n            <span class=\"dashicons dashicons-visibility\" aria-hidden=\"true\"><\/span>\n          <\/span><div class=\"ihc-strength-wrapper\"><ul class=\"ihc-strength\"><li class=\"point\"><\/li><li class=\"point\"><\/li><li class=\"point\"><\/li><li class=\"point\"><\/li><li class=\"point\"><\/li><\/ul><div class=\"ihc-strength-label\"><\/div><\/div>\n                <!-- print the errors if its case -->\n                \n            <\/div>\n                    <div class=\"iump-form-line-register iump-form-number iump-form-phone\" id=\"ihc_reg_phone_2629\" >\n                                    <label class=\"iump-labels-register\">\n                                                    <span class=\"ihc-required-sign\">*<\/span>\n                                                T\u00e9l\u00e9phone                    <\/label>\n                                <input type=\"number\" name=\"phone\"  class=\"\" value=\"\"    min=\"\" max=\"\" \/>\n                <!-- print the errors if its case -->\n                \n            <\/div>\n                    <div class=\"iump-form-line-register iump-form-text iump-form-ragionesociale\" id=\"ihc_reg_ragionesociale_8513\" >\n                                    <label class=\"iump-labels-register\">\n                                                    <span class=\"ihc-required-sign\">*<\/span>\n                                                Nom de l'entreprise                    <\/label>\n                                <input type=\"text\" name=\"ragionesociale\"  class=\"\" value=\"\" placeholder=\"\"   \/>\n                <!-- print the errors if its case -->\n                \n            <\/div>\n                    <div class=\"iump-form-line-register iump-form-text iump-form-partitaiva\" id=\"ihc_reg_partitaiva_9922\" >\n                                    <label class=\"iump-labels-register\">\n                                                    <span class=\"ihc-required-sign\">*<\/span>\n                                                Num\u00e9ro de TVA                    <\/label>\n                                <input type=\"text\" name=\"partitaiva\"  class=\"\" value=\"\" placeholder=\"\"   \/>\n                <!-- print the errors if its case -->\n                \n            <\/div>\n                    <div class=\"iump-form-line-register iump-form-text iump-form-tipoattivit\" id=\"ihc_reg_tipoattivit_3141\" >\n                                    <label class=\"iump-labels-register\">\n                                                    <span class=\"ihc-required-sign\">*<\/span>\n                                                Type d'activit\u00e9                    <\/label>\n                                <input type=\"text\" name=\"tipoattivit\"  class=\"\" value=\"\" placeholder=\"\"   \/>\n                <!-- print the errors if its case -->\n                \n            <\/div>\n                    <div class=\"iump-form-line-register iump-form-tos iump-form-tos\" id=\"ihc_reg_tos_491\" >\n                                <div class=\"ihc-tos-wrap\" id=\"ihc_tos_field_parent_885\">\n    <input type=\"checkbox\" value=\"1\" name=\"tos\" class=\"\" \/>\n    <a href=\"https:\/\/anticheinsegne.it\/fr\/member-tos-page\/\" target=\"_blank\">Accepter les conditions g\u00e9n\u00e9rales<\/a>\n<\/div>\n\n                <!-- print the errors if its case -->\n                \n            <\/div>\n                    <div class=\"iump-form-line-register iump-form-capcha iump-form-recaptcha\" id=\"ihc_reg_recaptcha_9136\" >\n                                    <div class=\"js-ump-recaptcha-v3-item\"><\/div>\n    <span class=\"ihc-js-recaptcha-v3-key\" data-value=\"6LctIdwsAAAAAKYihtgYTUI4HIHD4mDEp8Dy6DHG\" data-secure_stripe=\"0\"><\/span>\n        \n                <!-- print the errors if its case -->\n                \n            <\/div>\n                <!-- end of loop fields -->\n\n        \n        <div class=\"impu-temp7-row\">\n            <div class=\"iump-submit-form\">\n                <input type=\"submit\" name=\"Submit\" value=\"Register\" class=\"button button-primary button-large\" id=\"ihc_submit_bttn\" data-standard-label=\"Register\" data-loading-label=\"Please wait...\"  \/>\n            <\/div>\n        <\/div>\n\n        \n                                  <input type=\"hidden\" name=\"ihcFormType\"  class=\"\" value=\"register\"  \/>                          <input type=\"hidden\" name=\"ihcaction\"  class=\"\" value=\"register\"  \/>                          <input type=\"hidden\" name=\"ihc_user_add_edit_nonce\"  class=\"\" value=\"082c355e2b\"  \/>                    \n<input type=\"hidden\" name=\"trp-form-language\" value=\"fr\"\/><\/form>\n<\/div><\/div>\n\t\t\t\t\t\t<\/div>\n\t\t\t\t<\/div>\n\t\t\t\t\t<\/div>\n\t\t\t\t<\/div>\n\t\t\t\t<\/div>\n\t\t\n\n\n\n<p><\/p>\n<\/div><!-- .vgblk-rw-wrapper -->","protected":false},"excerpt":{"rendered":"","protected":false},"author":1,"featured_media":0,"parent":0,"menu_order":0,"comment_status":"closed","ping_status":"closed","template":"","meta":{"footnotes":""},"class_list":["post-988949","page","type-page","status-publish","hentry"],"aioseo_notices":[],"_links":{"self":[{"href":"https:\/\/anticheinsegne.it\/fr\/wp-json\/wp\/v2\/pages\/988949","targetHints":{"allow":["GET"]}}],"collection":[{"href":"https:\/\/anticheinsegne.it\/fr\/wp-json\/wp\/v2\/pages"}],"about":[{"href":"https:\/\/anticheinsegne.it\/fr\/wp-json\/wp\/v2\/types\/page"}],"author":[{"embeddable":true,"href":"https:\/\/anticheinsegne.it\/fr\/wp-json\/wp\/v2\/users\/1"}],"replies":[{"embeddable":true,"href":"https:\/\/anticheinsegne.it\/fr\/wp-json\/wp\/v2\/comments?post=988949"}],"version-history":[{"count":7,"href":"https:\/\/anticheinsegne.it\/fr\/wp-json\/wp\/v2\/pages\/988949\/revisions"}],"predecessor-version":[{"id":988975,"href":"https:\/\/anticheinsegne.it\/fr\/wp-json\/wp\/v2\/pages\/988949\/revisions\/988975"}],"wp:attachment":[{"href":"https:\/\/anticheinsegne.it\/fr\/wp-json\/wp\/v2\/media?parent=988949"}],"curies":[{"name":"wp","href":"https:\/\/api.w.org\/{rel}","templated":true}]}}